{"id":10,"date":"2016-09-17T22:04:39","date_gmt":"2016-09-17T20:04:39","guid":{"rendered":"https:\/\/new.sportpassionbondues.fr\/?page_id=10"},"modified":"2022-09-16T12:21:02","modified_gmt":"2022-09-16T10:21:02","slug":"educateurs-sportifs","status":"publish","type":"page","link":"https:\/\/new.sportpassionbondues.fr\/index.php\/educateurs-sportifs\/","title":{"rendered":"Educateurs sportifs"},"content":{"rendered":"<p>Les cours sont assur\u00e9s par :<\/p>\n<p>&#8211; <span style=\"color: #0000ff;\">Audrey Crombez<\/span> : A\u00e9robic, Step, Body Sculpt et Renforcement Musculaire<br \/>\n&#8211; <span style=\"color: #0000ff;\">V\u00e9ronique Dereumaux<\/span> : Body Sculpt et gym douce<br \/>\n&#8211; <span style=\"color: #0000ff;\">Th\u00e9o Szymanek<\/span> : Sport Homme<br \/>\n&#8211; <span style=\"color: #0000ff;\">Liliane Follet<\/span> : C.A.F (Cuisses Abdos Fessiers) et Body Postural<br \/>\n&#8211; <span style=\"color: #0000ff;\">Virginie Lamour<\/span> : Zumba et L.I.A. ( Low Impact Aerobic )<br \/>\n&#8211; <span style=\"color: #0000ff;\">Valentin Bernier<\/span> : Pleine Forme et Pilates<br \/>\n&#8211; <span style=\"color: #0000ff;\">St\u00e9phanie Vandermeersch<\/span> : Renforcement Musculaire et Stretching Postural.<\/p>\n<p>&#8211; <span style=\"color: #0000ff;\">Anne Steenhuyse<\/span> : Renforcement musculaire<\/p>\n<p><span style=\"color: #0000ff;\">&#8211; Florine Soika<\/span> : Pil\u00e2tes et Cardio-Training<\/p>\n","protected":false},"excerpt":{"rendered":"<p>Les cours sont assur\u00e9s par : &#8211; Audrey Crombez : A\u00e9robic, Step, Body Sculpt et Renforcement Musculaire &#8211; V\u00e9ronique Dereumaux : Body Sculpt et gym douce &#8211; Th\u00e9o Szymanek : Sport Homme &#8211; Liliane Follet : C.A.F (Cuisses Abdos Fessiers) <a class=\"more-link\" href=\"https:\/\/new.sportpassionbondues.fr\/index.php\/educateurs-sportifs\/\">Lire plus &#8230;<\/a><\/p>\n","protected":false},"author":1,"featured_media":0,"parent":0,"menu_order":0,"comment_status":"closed","ping_status":"closed","template":"","meta":[],"_links":{"self":[{"href":"https:\/\/new.sportpassionbondues.fr\/index.php\/wp-json\/wp\/v2\/pages\/10"}],"collection":[{"href":"https:\/\/new.sportpassionbondues.fr\/index.php\/wp-json\/wp\/v2\/pages"}],"about":[{"href":"https:\/\/new.sportpassionbondues.fr\/index.php\/wp-json\/wp\/v2\/types\/page"}],"author":[{"embeddable":true,"href":"https:\/\/new.sportpassionbondues.fr\/index.php\/wp-json\/wp\/v2\/users\/1"}],"replies":[{"embeddable":true,"href":"https:\/\/new.sportpassionbondues.fr\/index.php\/wp-json\/wp\/v2\/comments?post=10"}],"version-history":[{"count":16,"href":"https:\/\/new.sportpassionbondues.fr\/index.php\/wp-json\/wp\/v2\/pages\/10\/revisions"}],"predecessor-version":[{"id":1026,"href":"https:\/\/new.sportpassionbondues.fr\/index.php\/wp-json\/wp\/v2\/pages\/10\/revisions\/1026"}],"wp:attachment":[{"href":"https:\/\/new.sportpassionbondues.fr\/index.php\/wp-json\/wp\/v2\/media?parent=10"}],"curies":[{"name":"wp","href":"https:\/\/api.w.org\/{rel}","templated":true}]}}