{"id":1000,"date":"2022-09-08T20:48:54","date_gmt":"2022-09-08T18:48:54","guid":{"rendered":"https:\/\/new.sportpassionbondues.fr\/?page_id=1000"},"modified":"2022-09-08T21:01:17","modified_gmt":"2022-09-08T19:01:17","slug":"planning-2","status":"publish","type":"page","link":"https:\/\/new.sportpassionbondues.fr\/index.php\/planning-2\/","title":{"rendered":"Planning"},"content":{"rendered":"\n<div class=\"is-layout-flow wp-block-group\"><div class=\"wp-block-group__inner-container\">\n<p>Planning des cours pour la saison 2022 &#8211; 2023. Tous les cours ont lieu \u00e0 l&rsquo;espace sportif<\/p>\n\n\n\n<p>Reprise des cours le 5 septembre 2022.<\/p>\n\n\n\n<figure class=\"wp-block-image size-large\"><img decoding=\"async\" loading=\"lazy\" width=\"1024\" height=\"724\" src=\"http:\/\/new.sportpassionbondues.fr\/wp-content\/uploads\/2022\/09\/PLANNING-2022-2023-1024x724.png\" alt=\"\" class=\"wp-image-997\" srcset=\"https:\/\/new.sportpassionbondues.fr\/wp-content\/uploads\/2022\/09\/PLANNING-2022-2023-1024x724.png 1024w, https:\/\/new.sportpassionbondues.fr\/wp-content\/uploads\/2022\/09\/PLANNING-2022-2023-300x212.png 300w, https:\/\/new.sportpassionbondues.fr\/wp-content\/uploads\/2022\/09\/PLANNING-2022-2023-768x543.png 768w, https:\/\/new.sportpassionbondues.fr\/wp-content\/uploads\/2022\/09\/PLANNING-2022-2023-1536x1086.png 1536w, https:\/\/new.sportpassionbondues.fr\/wp-content\/uploads\/2022\/09\/PLANNING-2022-2023-2048x1448.png 2048w, https:\/\/new.sportpassionbondues.fr\/wp-content\/uploads\/2022\/09\/PLANNING-2022-2023-250x177.png 250w\" sizes=\"(max-width: 1024px) 100vw, 1024px\" \/><\/figure>\n<\/div><\/div>\n\n\n\n<p><\/p>\n\n\n\n<p><\/p>\n\n\n\n<p>Planning non contractuel, susceptible d&rsquo;\u00eatre modifi\u00e9<\/p>\n","protected":false},"excerpt":{"rendered":"<p>Planning des cours pour la saison 2022 &#8211; 2023. Tous les cours ont lieu \u00e0 l&rsquo;espace sportif Reprise des cours le 5 septembre 2022. Planning non contractuel, susceptible d&rsquo;\u00eatre modifi\u00e9<\/p>\n","protected":false},"author":1,"featured_media":0,"parent":0,"menu_order":0,"comment_status":"closed","ping_status":"closed","template":"","meta":[],"_links":{"self":[{"href":"https:\/\/new.sportpassionbondues.fr\/index.php\/wp-json\/wp\/v2\/pages\/1000"}],"collection":[{"href":"https:\/\/new.sportpassionbondues.fr\/index.php\/wp-json\/wp\/v2\/pages"}],"about":[{"href":"https:\/\/new.sportpassionbondues.fr\/index.php\/wp-json\/wp\/v2\/types\/page"}],"author":[{"embeddable":true,"href":"https:\/\/new.sportpassionbondues.fr\/index.php\/wp-json\/wp\/v2\/users\/1"}],"replies":[{"embeddable":true,"href":"https:\/\/new.sportpassionbondues.fr\/index.php\/wp-json\/wp\/v2\/comments?post=1000"}],"version-history":[{"count":4,"href":"https:\/\/new.sportpassionbondues.fr\/index.php\/wp-json\/wp\/v2\/pages\/1000\/revisions"}],"predecessor-version":[{"id":1008,"href":"https:\/\/new.sportpassionbondues.fr\/index.php\/wp-json\/wp\/v2\/pages\/1000\/revisions\/1008"}],"wp:attachment":[{"href":"https:\/\/new.sportpassionbondues.fr\/index.php\/wp-json\/wp\/v2\/media?parent=1000"}],"curies":[{"name":"wp","href":"https:\/\/api.w.org\/{rel}","templated":true}]}}