{"id":137,"date":"2016-11-13T23:07:03","date_gmt":"2016-11-13T22:07:03","guid":{"rendered":"https:\/\/new.sportpassionbondues.fr\/?page_id=137"},"modified":"2018-09-03T11:11:50","modified_gmt":"2018-09-03T09:11:50","slug":"stephanie-vandermeersch","status":"publish","type":"page","link":"https:\/\/new.sportpassionbondues.fr\/index.php\/stephanie-vandermeersch\/","title":{"rendered":"St\u00e9phanie Vandermeersch"},"content":{"rendered":"<p>Bonjour \u00e0 toutes et \u00e0 tous,<\/p>\n<p>Je me pr\u00e9sente St\u00e9phanie Cossart-Vandermeersch, dipl\u00f4m\u00e9e d&rsquo;\u00e9tat m\u00e9tiers de la forme depuis 1997 et licenci\u00e9e\u00a0 en stretching postural depuis 2001.<\/p>\n<p><img decoding=\"async\" loading=\"lazy\" class=\"alignnone size-full wp-image-134\" src=\"http:\/\/new.sportpassionbondues.fr\/wp-content\/uploads\/2018\/09\/SV2.jpg\" alt=\"educ_sv\" width=\"212\" height=\"320\" \/><\/p>\n<p>Je donne cours le :<\/p>\n<p>Le mardi en stretching postural de 9 \u00e0 11 h et en body-sculpt de 11 \u00e0 12h.<\/p>\n<p>Le mercredi de 17h30 \u00e0 19h30 en stretching postural.<\/p>\n<p>Le vendredi de 9 \u00e0 10h en body-sculpt et de 10 heures \u00e0 12 h en stretching postural.<\/p>\n<p>Voici une aide pour mieux comprendre les d\u00e9signations et les contenus des cours :<\/p>\n<p><strong>Body-sculpt<\/strong> : renforcement musculaire du corps.<\/p>\n<p><strong>Stretching<\/strong> : technique globale non dynamique qui agit particuli\u00e8rement sur vos muscles profonds.<\/p>\n<p>Pour toute autre question, je me tiens \u00e0 votre disposition sportivement , St\u00e9phanie.<\/p>\n<p><img decoding=\"async\" loading=\"lazy\" class=\"alignnone size-full wp-image-134\" src=\"http:\/\/new.sportpassionbondues.fr\/wp-content\/uploads\/2018\/09\/SV1.jpg\" alt=\"educ_sv\" width=\"212\" height=\"320\" \/><\/p>\n<p>&nbsp;<\/p>\n","protected":false},"excerpt":{"rendered":"<p>Bonjour \u00e0 toutes et \u00e0 tous, Je me pr\u00e9sente St\u00e9phanie Cossart-Vandermeersch, dipl\u00f4m\u00e9e d&rsquo;\u00e9tat m\u00e9tiers de la forme depuis 1997 et licenci\u00e9e\u00a0 en stretching postural depuis 2001. Je donne cours le : Le mardi en stretching postural de 9 \u00e0 11 <a class=\"more-link\" href=\"https:\/\/new.sportpassionbondues.fr\/index.php\/stephanie-vandermeersch\/\">Lire plus &#8230;<\/a><\/p>\n","protected":false},"author":1,"featured_media":0,"parent":0,"menu_order":0,"comment_status":"closed","ping_status":"closed","template":"","meta":[],"_links":{"self":[{"href":"https:\/\/new.sportpassionbondues.fr\/index.php\/wp-json\/wp\/v2\/pages\/137"}],"collection":[{"href":"https:\/\/new.sportpassionbondues.fr\/index.php\/wp-json\/wp\/v2\/pages"}],"about":[{"href":"https:\/\/new.sportpassionbondues.fr\/index.php\/wp-json\/wp\/v2\/types\/page"}],"author":[{"embeddable":true,"href":"https:\/\/new.sportpassionbondues.fr\/index.php\/wp-json\/wp\/v2\/users\/1"}],"replies":[{"embeddable":true,"href":"https:\/\/new.sportpassionbondues.fr\/index.php\/wp-json\/wp\/v2\/comments?post=137"}],"version-history":[{"count":4,"href":"https:\/\/new.sportpassionbondues.fr\/index.php\/wp-json\/wp\/v2\/pages\/137\/revisions"}],"predecessor-version":[{"id":1010,"href":"https:\/\/new.sportpassionbondues.fr\/index.php\/wp-json\/wp\/v2\/pages\/137\/revisions\/1010"}],"wp:attachment":[{"href":"https:\/\/new.sportpassionbondues.fr\/index.php\/wp-json\/wp\/v2\/media?parent=137"}],"curies":[{"name":"wp","href":"https:\/\/api.w.org\/{rel}","templated":true}]}}