{"id":14,"date":"2016-09-17T22:07:57","date_gmt":"2016-09-17T20:07:57","guid":{"rendered":"https:\/\/new.sportpassionbondues.fr\/?page_id=14"},"modified":"2020-09-06T11:41:20","modified_gmt":"2020-09-06T09:41:20","slug":"reglement-interieur-de-sport-passion-bondues","status":"publish","type":"page","link":"https:\/\/new.sportpassionbondues.fr\/index.php\/reglement-interieur-de-sport-passion-bondues\/","title":{"rendered":"R\u00e8glement int\u00e9rieur de Sport Passion Bondues"},"content":{"rendered":"<p>Sport Passion Bondues est une association sans but lucratif, dont le but est<br \/>\nde \u00ab promouvoir la pratique du sport \u00e0 Bondues \u00bb, elle est g\u00e9r\u00e9e par un conseil<br \/>\nd\u2019administration et son bureau compos\u00e9 de 4 membres b\u00e9n\u00e9voles.<\/p>\n<p>L\u2019association est ouverte \u00e0 tout adh\u00e9rent \u00e0 jour de sa cotisation et muni de<br \/>\nsa carte qu\u2019il doit \u00eatre en mesure de pr\u00e9senter lors des contr\u00f4les effectu\u00e9s occasionnellement<br \/>\npar les membres du conseil d\u2019administration ou les professeurs ou toute autre membre mandat\u00e9 pour cela.<br \/>\nLa cotisation couvre les frais de l\u2019association engag\u00e9s pour l\u2019ann\u00e9e et ne peut donc faire l&rsquo;objet d\u2019un remboursement<br \/>\npour quelque raison que ce soit.<\/p>\n<p>Nous vous demandons express\u00e9ment :<\/p>\n<p>&#8211; de d\u00e9poser visiblement votre carte d&rsquo;adh\u00e9rent sur votre tapis.<br \/>\n&#8211; de vous pr\u00e9senter avec des chaussures r\u00e9serv\u00e9es aux activit\u00e9s sportives en salle, dont les semelles sont<br \/>\npropres, diff\u00e9rentes de celles avec lesquelles vous circulez.<br \/>\n&#8211; de ne pas perturber les cours par des bavardages incessants qui g\u00eanent \u00e0 la fois les professeurs<br \/>\net les autres adh\u00e9rents.<br \/>\n&#8211; de ranger soigneusement le mat\u00e9riel que vous avez utilis\u00e9.<br \/>\n&#8211; de vous munir d\u2019une serviette \u00e9ponge pour les activit\u00e9s au sol sur les tapis.<br \/>\n&#8211; d\u2019\u00e9teindre les t\u00e9l\u00e9phones portables dans la salle.<br \/>\n&#8211; de respecter les horaires des cours, tant au d\u00e9but qu\u2019\u00e0 la fin, un cours d\u00e9butant en g\u00e9n\u00e9ral par un<br \/>\n\u00e9chauffement et se terminant par des \u00e9tirements.<\/p>\n<p>Enfin nous vous rappelons que les enfants ne sont pas admis dans les salles de cours.<\/p>\n<p>Nous nous r\u00e9servons le droit d\u2019exclure de Sport Passion Bondues tout adh\u00e9rent ne respectant d\u00e9lib\u00e9r\u00e9ment<br \/>\npas ces consignes pour la bonne marche de l\u2019association.<\/p>\n","protected":false},"excerpt":{"rendered":"<p>Sport Passion Bondues est une association sans but lucratif, dont le but est de \u00ab promouvoir la pratique du sport \u00e0 Bondues \u00bb, elle est g\u00e9r\u00e9e par un conseil d\u2019administration et son bureau compos\u00e9 de 4 membres b\u00e9n\u00e9voles. L\u2019association est <a class=\"more-link\" href=\"https:\/\/new.sportpassionbondues.fr\/index.php\/reglement-interieur-de-sport-passion-bondues\/\">Lire plus &#8230;<\/a><\/p>\n","protected":false},"author":1,"featured_media":0,"parent":0,"menu_order":0,"comment_status":"closed","ping_status":"closed","template":"","meta":[],"_links":{"self":[{"href":"https:\/\/new.sportpassionbondues.fr\/index.php\/wp-json\/wp\/v2\/pages\/14"}],"collection":[{"href":"https:\/\/new.sportpassionbondues.fr\/index.php\/wp-json\/wp\/v2\/pages"}],"about":[{"href":"https:\/\/new.sportpassionbondues.fr\/index.php\/wp-json\/wp\/v2\/types\/page"}],"author":[{"embeddable":true,"href":"https:\/\/new.sportpassionbondues.fr\/index.php\/wp-json\/wp\/v2\/users\/1"}],"replies":[{"embeddable":true,"href":"https:\/\/new.sportpassionbondues.fr\/index.php\/wp-json\/wp\/v2\/comments?post=14"}],"version-history":[{"count":3,"href":"https:\/\/new.sportpassionbondues.fr\/index.php\/wp-json\/wp\/v2\/pages\/14\/revisions"}],"predecessor-version":[{"id":839,"href":"https:\/\/new.sportpassionbondues.fr\/index.php\/wp-json\/wp\/v2\/pages\/14\/revisions\/839"}],"wp:attachment":[{"href":"https:\/\/new.sportpassionbondues.fr\/index.php\/wp-json\/wp\/v2\/media?parent=14"}],"curies":[{"name":"wp","href":"https:\/\/api.w.org\/{rel}","templated":true}]}}