{"id":143,"date":"2016-11-13T23:07:11","date_gmt":"2016-11-13T22:07:11","guid":{"rendered":"https:\/\/new.sportpassionbondues.fr\/?page_id=143"},"modified":"2021-09-09T10:02:10","modified_gmt":"2021-09-09T08:02:10","slug":"liliane-follet","status":"publish","type":"page","link":"https:\/\/new.sportpassionbondues.fr\/index.php\/liliane-follet\/","title":{"rendered":"Liliane Follet"},"content":{"rendered":"<p><img decoding=\"async\" loading=\"lazy\" class=\"wp-image-133 aligncenter\" src=\"http:\/\/new.sportpassionbondues.fr\/wp-content\/uploads\/2019\/09\/lilianefollet.jpg\" alt=\"educ_lf\" width=\"520\" height=\"313\" \/><\/p>\n<p>Le lundi matin, de 9H00 \u00e0 10H00 : C.A.F. (Cuisses Abdos Fessier) puis de 10H00 \u00e0 11H00 : renforcement postural<\/p>\n<p>Le jeudi matin, de 9H00 \u00e0 10H00 : Body-Sculpt puis de 10h00 \u00e0 11H00 : Renfo<\/p>\n","protected":false},"excerpt":{"rendered":"<p>Le lundi matin, de 9H00 \u00e0 10H00 : C.A.F. (Cuisses Abdos Fessier) puis de 10H00 \u00e0 11H00 : renforcement postural Le jeudi matin, de 9H00 \u00e0 10H00 : Body-Sculpt puis de 10h00 \u00e0 11H00 : Renfo<\/p>\n","protected":false},"author":1,"featured_media":0,"parent":0,"menu_order":0,"comment_status":"closed","ping_status":"closed","template":"","meta":[],"_links":{"self":[{"href":"https:\/\/new.sportpassionbondues.fr\/index.php\/wp-json\/wp\/v2\/pages\/143"}],"collection":[{"href":"https:\/\/new.sportpassionbondues.fr\/index.php\/wp-json\/wp\/v2\/pages"}],"about":[{"href":"https:\/\/new.sportpassionbondues.fr\/index.php\/wp-json\/wp\/v2\/types\/page"}],"author":[{"embeddable":true,"href":"https:\/\/new.sportpassionbondues.fr\/index.php\/wp-json\/wp\/v2\/users\/1"}],"replies":[{"embeddable":true,"href":"https:\/\/new.sportpassionbondues.fr\/index.php\/wp-json\/wp\/v2\/comments?post=143"}],"version-history":[{"count":7,"href":"https:\/\/new.sportpassionbondues.fr\/index.php\/wp-json\/wp\/v2\/pages\/143\/revisions"}],"predecessor-version":[{"id":910,"href":"https:\/\/new.sportpassionbondues.fr\/index.php\/wp-json\/wp\/v2\/pages\/143\/revisions\/910"}],"wp:attachment":[{"href":"https:\/\/new.sportpassionbondues.fr\/index.php\/wp-json\/wp\/v2\/media?parent=143"}],"curies":[{"name":"wp","href":"https:\/\/api.w.org\/{rel}","templated":true}]}}