{"id":145,"date":"2016-11-13T23:06:39","date_gmt":"2016-11-13T22:06:39","guid":{"rendered":"https:\/\/new.sportpassionbondues.fr\/?page_id=145"},"modified":"2016-11-13T23:10:46","modified_gmt":"2016-11-13T22:10:46","slug":"veronique-desreumaux","status":"publish","type":"page","link":"https:\/\/new.sportpassionbondues.fr\/index.php\/veronique-desreumaux\/","title":{"rendered":"V\u00e9ronique Dereumaux"},"content":{"rendered":"<p>Animatrice depuis 21ans<\/p>\n<p>Dipl\u00f4mes :<br \/>\n&#8211; Certificat et brevet de qualification professionnelle de gymnastique<br \/>\n&#8211; Techniques nouvelles et gymnastique aquatique<\/p>\n<p><img decoding=\"async\" loading=\"lazy\" class=\"alignnone size-full wp-image-135\" src=\"http:\/\/new.sportpassionbondues.fr\/wp-content\/uploads\/2016\/11\/educ_vd.jpg\" alt=\"educ_vd\" width=\"110\" height=\"104\" \/><\/p>\n<p>Cours de Body Sculpt : Lundi de 18h \u00e0 19h et de 19h \u00e0 20h<\/p>\n<p>Je d\u00e9bute la s\u00e9ance par une phase d\u2019\u00e9chauffement qui me permet de solliciter progressivement le syst\u00e8me cardio-vasculaire et pr\u00e9parer le reste de l\u2019organisme (musculation et articulations) \u00e0 la suite de la s\u00e9ance. Apr\u00e8s cette phase, diff\u00e9rents exercices sont utilis\u00e9s de fa\u00e7on intensive, afin de renforcer et tonifier les grands groupes musculaires de fa\u00e7on harmonieuse (bras, taille, jambes, fessiers, abdos). Le cours se termine par des \u00e9tirements. L\u2019ensemble du cours se d\u00e9roule avec une musique rythm\u00e9e et entrainante qui donnera le bon rythme pour utiliser le mat\u00e9riel (halt\u00e8res, \u00e9lastique, b\u00e2tons\u2026).<\/p>\n<p>Gymnastique douce :<br \/>\n&#8211; Mardi de 16h \u00e0 17h<br \/>\n&#8211; Mercredi de 8h30 \u00e0 9h30 et de 9h30 \u00e0 10h30<\/p>\n<p>Je vous propose un travail musculaire et articulaire de tout le corps.<br \/>\nDes exercices de coordination, d\u2019\u00e9quilibre, de respiration et des encha\u00eenements (travail de m\u00e9moire). Ce sont des mouvements simples qui s\u2019adaptent \u00e0 tous (m\u00eame pour les personnes ressentant quelques petites douleurs !) Egalement des exercices sur le placement du bassin qui permettent de corriger sa posture. La s\u00e9ance se termine par des \u00e9tirements et le retour au calme. Je serai toujours dans le respect de vos capacit\u00e9s mais avec l\u2019intention de vous maintenir ou vous remettre en forme. Tout le long de l\u2019ann\u00e9e, je vous encourage \u00e0 prolonger vos efforts, tout en \u00e9tant \u00e0 l\u2019\u00e9coute de votre corps.<\/p>\n<p>A bient\u00f4t.<\/p>\n","protected":false},"excerpt":{"rendered":"<p>Animatrice depuis 21ans Dipl\u00f4mes : &#8211; Certificat et brevet de qualification professionnelle de gymnastique &#8211; Techniques nouvelles et gymnastique aquatique Cours de Body Sculpt : Lundi de 18h \u00e0 19h et de 19h \u00e0 20h Je d\u00e9bute la s\u00e9ance par <a class=\"more-link\" href=\"https:\/\/new.sportpassionbondues.fr\/index.php\/veronique-desreumaux\/\">Lire plus &#8230;<\/a><\/p>\n","protected":false},"author":1,"featured_media":0,"parent":0,"menu_order":0,"comment_status":"closed","ping_status":"closed","template":"","meta":[],"_links":{"self":[{"href":"https:\/\/new.sportpassionbondues.fr\/index.php\/wp-json\/wp\/v2\/pages\/145"}],"collection":[{"href":"https:\/\/new.sportpassionbondues.fr\/index.php\/wp-json\/wp\/v2\/pages"}],"about":[{"href":"https:\/\/new.sportpassionbondues.fr\/index.php\/wp-json\/wp\/v2\/types\/page"}],"author":[{"embeddable":true,"href":"https:\/\/new.sportpassionbondues.fr\/index.php\/wp-json\/wp\/v2\/users\/1"}],"replies":[{"embeddable":true,"href":"https:\/\/new.sportpassionbondues.fr\/index.php\/wp-json\/wp\/v2\/comments?post=145"}],"version-history":[{"count":3,"href":"https:\/\/new.sportpassionbondues.fr\/index.php\/wp-json\/wp\/v2\/pages\/145\/revisions"}],"predecessor-version":[{"id":1060,"href":"https:\/\/new.sportpassionbondues.fr\/index.php\/wp-json\/wp\/v2\/pages\/145\/revisions\/1060"}],"wp:attachment":[{"href":"https:\/\/new.sportpassionbondues.fr\/index.php\/wp-json\/wp\/v2\/media?parent=145"}],"curies":[{"name":"wp","href":"https:\/\/api.w.org\/{rel}","templated":true}]}}