{"id":29,"date":"2016-09-17T22:12:51","date_gmt":"2016-09-17T20:12:51","guid":{"rendered":"https:\/\/new.sportpassionbondues.fr\/?page_id=29"},"modified":"2022-03-06T15:13:45","modified_gmt":"2022-03-06T14:13:45","slug":"composition-du-bureau","status":"publish","type":"page","link":"https:\/\/new.sportpassionbondues.fr\/index.php\/composition-du-bureau\/","title":{"rendered":"Composition du bureau et Conseil d&rsquo;Administration"},"content":{"rendered":"<p>L&rsquo;Association Sport Passion Bondues est g\u00e9r\u00e9e par un conseil d\u2019administration et\u00a0un bureau compos\u00e9 de 4 membres b\u00e9n\u00e9voles.<\/p>\n<p><strong>BUREAU<\/strong> :<\/p>\n<p>Pr\u00e9sident<br \/>\n<span style=\"color: #0000ff;\">Laurent FRAPP\u00c9<\/span><\/p>\n<p>Vice-pr\u00e9sidente<br \/>\n<span style=\"color: #0000ff;\">Patricia VOISIN<\/span><\/p>\n<p>Secr\u00e9taire<br \/>\n<span style=\"color: #0000ff;\">Anne-C\u00e9cile DELADERIERE<\/span><\/p>\n<p>Tr\u00e9sorier<br \/>\n<span style=\"color: #0000ff;\">Roland HAUET<\/span><\/p>\n<p><strong>CONSEIL D&rsquo;ADMINISTRATION<\/strong> :<\/p>\n<p><span style=\"color: #3366ff;\">Corinne BERNAT, Francine BEYAERT, Dani\u00e8le DELBECQUE, B\u00e9atrice DUPIRE, Marie GODON, Val\u00e9rie THOMAS, Cathy ULYSSE, Dominique VANDERBEKEN, Chi-lan VERMEERSCH, Odile WOEHL.<\/span><\/p>\n","protected":false},"excerpt":{"rendered":"<p>L&rsquo;Association Sport Passion Bondues est g\u00e9r\u00e9e par un conseil d\u2019administration et\u00a0un bureau compos\u00e9 de 4 membres b\u00e9n\u00e9voles. BUREAU : Pr\u00e9sident Laurent FRAPP\u00c9 Vice-pr\u00e9sidente Patricia VOISIN Secr\u00e9taire Anne-C\u00e9cile DELADERIERE Tr\u00e9sorier Roland HAUET CONSEIL D&rsquo;ADMINISTRATION : Corinne BERNAT, Francine BEYAERT, Dani\u00e8le DELBECQUE, <a class=\"more-link\" href=\"https:\/\/new.sportpassionbondues.fr\/index.php\/composition-du-bureau\/\">Lire plus &#8230;<\/a><\/p>\n","protected":false},"author":1,"featured_media":0,"parent":0,"menu_order":0,"comment_status":"closed","ping_status":"closed","template":"","meta":[],"_links":{"self":[{"href":"https:\/\/new.sportpassionbondues.fr\/index.php\/wp-json\/wp\/v2\/pages\/29"}],"collection":[{"href":"https:\/\/new.sportpassionbondues.fr\/index.php\/wp-json\/wp\/v2\/pages"}],"about":[{"href":"https:\/\/new.sportpassionbondues.fr\/index.php\/wp-json\/wp\/v2\/types\/page"}],"author":[{"embeddable":true,"href":"https:\/\/new.sportpassionbondues.fr\/index.php\/wp-json\/wp\/v2\/users\/1"}],"replies":[{"embeddable":true,"href":"https:\/\/new.sportpassionbondues.fr\/index.php\/wp-json\/wp\/v2\/comments?post=29"}],"version-history":[{"count":13,"href":"https:\/\/new.sportpassionbondues.fr\/index.php\/wp-json\/wp\/v2\/pages\/29\/revisions"}],"predecessor-version":[{"id":948,"href":"https:\/\/new.sportpassionbondues.fr\/index.php\/wp-json\/wp\/v2\/pages\/29\/revisions\/948"}],"wp:attachment":[{"href":"https:\/\/new.sportpassionbondues.fr\/index.php\/wp-json\/wp\/v2\/media?parent=29"}],"curies":[{"name":"wp","href":"https:\/\/api.w.org\/{rel}","templated":true}]}}