{"id":4,"date":"2016-09-17T21:59:23","date_gmt":"2016-09-17T19:59:23","guid":{"rendered":"https:\/\/new.sportpassionbondues.fr\/?page_id=4"},"modified":"2022-06-08T20:28:49","modified_gmt":"2022-06-08T18:28:49","slug":"accueil","status":"publish","type":"page","link":"https:\/\/new.sportpassionbondues.fr\/","title":{"rendered":"Accueil"},"content":{"rendered":"<p style=\"text-align: left;\"><strong>Bienvenue sur le site de SPORT PASSION BONDUES.<\/strong><\/p>\n<p style=\"text-align: left;\">Toutes les informations pour la saison 2022-2023 sont dans la rubrique inscriptions.<\/p>\n<p style=\"text-align: left;\">\t\r\n\t\t\r\n\t<div id=\"meteor-slideshow\" class=\"meteor-slides  navnone\">\r\n\t\r\n\t\t\t\r\n\t\t\t\t\r\n\t\t\t\r\n\t\t<div class=\"meteor-clip\">\r\n\t\r\n\t\t\t\t\r\n\t\t\t<img style=\"visibility: hidden;\" class=\"meteor-shim\" src=\"https:\/\/new.sportpassionbondues.fr\/wp-content\/uploads\/2016\/09\/90872-940x200.jpg\" alt=\"\" \/>\r\n\t\t\t<div class=\"mslide mslide-1\">\r\n\t\t\t\t\r\n\t\t\t\t\t\t\t\t\t\r\n\t\t\t\t\t<img width=\"940\" height=\"200\" src=\"https:\/\/new.sportpassionbondues.fr\/wp-content\/uploads\/2016\/09\/90872-940x200.jpg\" class=\"attachment-featured-slide size-featured-slide wp-post-image\" alt=\"\" decoding=\"async\" loading=\"lazy\" title=\"\" \/>\t\t\t\t\t\r\n\t\t\t\t\t\t\t\r\n\t\t\t<\/div><!-- .mslide -->\r\n\t\t\t\r\n\t\t\t\t\t\t\r\n\t\t\t\t\r\n\t\t\t\r\n\t\t\t<div class=\"mslide mslide-2\">\r\n\t\t\t\t\r\n\t\t\t\t\t\t\t\t\t\r\n\t\t\t\t\t<img width=\"940\" height=\"200\" src=\"https:\/\/new.sportpassionbondues.fr\/wp-content\/uploads\/2020\/02\/2019-06-940x200.jpg\" class=\"attachment-featured-slide size-featured-slide wp-post-image\" alt=\"\" decoding=\"async\" loading=\"lazy\" title=\"\" \/>\t\t\t\t\t\r\n\t\t\t\t\t\t\t\r\n\t\t\t<\/div><!-- .mslide -->\r\n\t\t\t\r\n\t\t\t\t\t\t\r\n\t\t\t\t\r\n\t\t\t\r\n\t\t\t<div class=\"mslide mslide-3\">\r\n\t\t\t\t\r\n\t\t\t\t\t\t\t\t\t\r\n\t\t\t\t\t<img width=\"940\" height=\"200\" src=\"https:\/\/new.sportpassionbondues.fr\/wp-content\/uploads\/2020\/02\/photoforum2011--940x200.jpg\" class=\"attachment-featured-slide size-featured-slide wp-post-image\" alt=\"\" decoding=\"async\" loading=\"lazy\" title=\"\" \/>\t\t\t\t\t\r\n\t\t\t\t\t\t\t\r\n\t\t\t<\/div><!-- .mslide -->\r\n\t\t\t\r\n\t\t\t\t\t\t\r\n\t\t\t\t\r\n\t\t<\/div><!-- .meteor-clip -->\r\n\t\t\t\t\r\n\t\t\t\t\t\r\n\t<\/div><!-- .meteor-slides -->\r\n\t\r\n\t<\/p>\n<p style=\"text-align: center;\">9 \u00e9ducateurs sportifs sont \u00e0 votre disposition autour des disciplines suivantes :<\/p>\n<p style=\"text-align: center;\">A\u00e9robic, Body Sculpt, C.A.F. (Cuisses Abdos Fessier), gym douce, Pleine Forme,<br \/>\nPilates, Renforcement musculaire,<br \/>\nStretching postural,<br \/>\nZumba, Sport homme&#8230;<\/p>\n<p style=\"text-align: center;\">L&rsquo;association organise \u00e9galement 3 groupes de marche par semaine.<\/p>\n<p style=\"text-align: center;\">Au total, Sport Passion Bondues vous propose 28 heures de cours r\u00e9parties tout au long de la semaine afin que chacun puisse pratiquer son activit\u00e9 au gr\u00e9 de ses envies.<\/p>\n<p style=\"text-align: left;\">\n","protected":false},"excerpt":{"rendered":"<p>Bienvenue sur le site de SPORT PASSION BONDUES. Toutes les informations pour la saison 2022-2023 sont dans la rubrique inscriptions. 9 \u00e9ducateurs sportifs sont \u00e0 votre disposition autour des disciplines suivantes : A\u00e9robic, Body Sculpt, C.A.F. (Cuisses Abdos Fessier), gym <a class=\"more-link\" href=\"https:\/\/new.sportpassionbondues.fr\/\">Lire plus &#8230;<\/a><\/p>\n","protected":false},"author":1,"featured_media":0,"parent":0,"menu_order":0,"comment_status":"closed","ping_status":"closed","template":"","meta":[],"_links":{"self":[{"href":"https:\/\/new.sportpassionbondues.fr\/index.php\/wp-json\/wp\/v2\/pages\/4"}],"collection":[{"href":"https:\/\/new.sportpassionbondues.fr\/index.php\/wp-json\/wp\/v2\/pages"}],"about":[{"href":"https:\/\/new.sportpassionbondues.fr\/index.php\/wp-json\/wp\/v2\/types\/page"}],"author":[{"embeddable":true,"href":"https:\/\/new.sportpassionbondues.fr\/index.php\/wp-json\/wp\/v2\/users\/1"}],"replies":[{"embeddable":true,"href":"https:\/\/new.sportpassionbondues.fr\/index.php\/wp-json\/wp\/v2\/comments?post=4"}],"version-history":[{"count":14,"href":"https:\/\/new.sportpassionbondues.fr\/index.php\/wp-json\/wp\/v2\/pages\/4\/revisions"}],"predecessor-version":[{"id":972,"href":"https:\/\/new.sportpassionbondues.fr\/index.php\/wp-json\/wp\/v2\/pages\/4\/revisions\/972"}],"wp:attachment":[{"href":"https:\/\/new.sportpassionbondues.fr\/index.php\/wp-json\/wp\/v2\/media?parent=4"}],"curies":[{"name":"wp","href":"https:\/\/api.w.org\/{rel}","templated":true}]}}