{"id":557,"date":"2019-08-26T13:48:52","date_gmt":"2019-08-26T11:48:52","guid":{"rendered":"https:\/\/new.sportpassionbondues.fr\/?page_id=557"},"modified":"2019-09-06T10:46:16","modified_gmt":"2019-09-06T08:46:16","slug":"audrey-crombez","status":"publish","type":"page","link":"https:\/\/new.sportpassionbondues.fr\/index.php\/audrey-crombez\/","title":{"rendered":"Audrey Crombez"},"content":{"rendered":"\n<p><img decoding=\"async\" loading=\"lazy\" class=\"alignnone wp-image-133\" src=\"http:\/\/new.sportpassionbondues.fr\/wp-content\/uploads\/2019\/08\/audreycrombez.jpg\" alt=\"educ_ac\" width=\"200\" height=\"300\"><\/p>\n\n<p>Je me pr\u00e9sente Audrey Crombez dipl\u00f4m\u00e9e d \u00c9tat des m\u00e9tiers de la forme depuis  septembre 2007.\n\nPour les cours \u00ab\u00a0a\u00e9robics\u00a0\u00bb le mardi et jeudi de 19h \u00e0 20h, ce sont des cours dynamiques o\u00f9 vous travaillez tous les muscles  de votre corps. \n\n Le cours de renforcement musculaire du samedi de 9h \u00e0 10h est plus cool dans une bonne ambiance. <\/p>\n","protected":false},"excerpt":{"rendered":"<p>Je me pr\u00e9sente Audrey Crombez dipl\u00f4m\u00e9e d \u00c9tat des m\u00e9tiers de la forme depuis septembre 2007. Pour les cours \u00ab\u00a0a\u00e9robics\u00a0\u00bb le mardi et jeudi de 19h \u00e0 20h, ce sont des cours dynamiques o\u00f9 vous travaillez tous les muscles de <a class=\"more-link\" href=\"https:\/\/new.sportpassionbondues.fr\/index.php\/audrey-crombez\/\">Lire plus &#8230;<\/a><\/p>\n","protected":false},"author":1,"featured_media":0,"parent":0,"menu_order":0,"comment_status":"closed","ping_status":"closed","template":"","meta":[],"_links":{"self":[{"href":"https:\/\/new.sportpassionbondues.fr\/index.php\/wp-json\/wp\/v2\/pages\/557"}],"collection":[{"href":"https:\/\/new.sportpassionbondues.fr\/index.php\/wp-json\/wp\/v2\/pages"}],"about":[{"href":"https:\/\/new.sportpassionbondues.fr\/index.php\/wp-json\/wp\/v2\/types\/page"}],"author":[{"embeddable":true,"href":"https:\/\/new.sportpassionbondues.fr\/index.php\/wp-json\/wp\/v2\/users\/1"}],"replies":[{"embeddable":true,"href":"https:\/\/new.sportpassionbondues.fr\/index.php\/wp-json\/wp\/v2\/comments?post=557"}],"version-history":[{"count":7,"href":"https:\/\/new.sportpassionbondues.fr\/index.php\/wp-json\/wp\/v2\/pages\/557\/revisions"}],"predecessor-version":[{"id":590,"href":"https:\/\/new.sportpassionbondues.fr\/index.php\/wp-json\/wp\/v2\/pages\/557\/revisions\/590"}],"wp:attachment":[{"href":"https:\/\/new.sportpassionbondues.fr\/index.php\/wp-json\/wp\/v2\/media?parent=557"}],"curies":[{"name":"wp","href":"https:\/\/api.w.org\/{rel}","templated":true}]}}