{"id":6,"date":"2016-09-17T22:00:02","date_gmt":"2016-09-17T20:00:02","guid":{"rendered":"https:\/\/new.sportpassionbondues.fr\/?page_id=6"},"modified":"2018-08-28T15:59:33","modified_gmt":"2018-08-28T13:59:33","slug":"le-concept-des-cours","status":"publish","type":"page","link":"https:\/\/new.sportpassionbondues.fr\/index.php\/le-concept-des-cours\/","title":{"rendered":"Concept des cours"},"content":{"rendered":"<p>L&rsquo;adh\u00e9sion \u00e0 Sport Passion Bondues permet d&rsquo;acc\u00e9der \u00e0 l&rsquo;ensemble des cours (cf le planning des cours).<\/p>\n<p>Quel cours choisir ?<\/p>\n<p>\u21d2 dans la rubrique \u00ab\u00a0cours\u00a0\u00bb puis \u00ab\u00a0\u00e9ducateurs sportifs\u00a0\u00bb, cliquez sur le nom du professeur pour lire ce qu&rsquo;il vous propose dans son cours.<\/p>\n","protected":false},"excerpt":{"rendered":"<p>L&rsquo;adh\u00e9sion \u00e0 Sport Passion Bondues permet d&rsquo;acc\u00e9der \u00e0 l&rsquo;ensemble des cours (cf le planning des cours). Quel cours choisir ? \u21d2 dans la rubrique \u00ab\u00a0cours\u00a0\u00bb puis \u00ab\u00a0\u00e9ducateurs sportifs\u00a0\u00bb, cliquez sur le nom du professeur pour lire ce qu&rsquo;il vous propose <a class=\"more-link\" href=\"https:\/\/new.sportpassionbondues.fr\/index.php\/le-concept-des-cours\/\">Lire plus &#8230;<\/a><\/p>\n","protected":false},"author":1,"featured_media":0,"parent":0,"menu_order":0,"comment_status":"closed","ping_status":"closed","template":"","meta":[],"_links":{"self":[{"href":"https:\/\/new.sportpassionbondues.fr\/index.php\/wp-json\/wp\/v2\/pages\/6"}],"collection":[{"href":"https:\/\/new.sportpassionbondues.fr\/index.php\/wp-json\/wp\/v2\/pages"}],"about":[{"href":"https:\/\/new.sportpassionbondues.fr\/index.php\/wp-json\/wp\/v2\/types\/page"}],"author":[{"embeddable":true,"href":"https:\/\/new.sportpassionbondues.fr\/index.php\/wp-json\/wp\/v2\/users\/1"}],"replies":[{"embeddable":true,"href":"https:\/\/new.sportpassionbondues.fr\/index.php\/wp-json\/wp\/v2\/comments?post=6"}],"version-history":[{"count":3,"href":"https:\/\/new.sportpassionbondues.fr\/index.php\/wp-json\/wp\/v2\/pages\/6\/revisions"}],"predecessor-version":[{"id":410,"href":"https:\/\/new.sportpassionbondues.fr\/index.php\/wp-json\/wp\/v2\/pages\/6\/revisions\/410"}],"wp:attachment":[{"href":"https:\/\/new.sportpassionbondues.fr\/index.php\/wp-json\/wp\/v2\/media?parent=6"}],"curies":[{"name":"wp","href":"https:\/\/api.w.org\/{rel}","templated":true}]}}